{"id":5017,"date":"2025-09-23T14:07:39","date_gmt":"2025-09-23T14:07:39","guid":{"rendered":"https:\/\/www.adehon.org\/es\/?page_id=5017"},"modified":"2025-09-23T14:41:19","modified_gmt":"2025-09-23T14:41:19","slug":"certificados-de-profesionalidad-castellon-desempleados-as-labora-2025-2026","status":"publish","type":"page","link":"https:\/\/www.adehon.org\/es\/certificados-de-profesionalidad-castellon-desempleados-as-labora-2025-2026\/","title":{"rendered":"CERTIFICADOS DE PROFESIONALIDAD &#8211; CASTELL\u00d3N DESEMPLEADOS\/AS LABORA 2025\/2026"},"content":{"rendered":"\n<div class=\"wp-block-group\"><div class=\"wp-block-group__inner-container is-layout-flow wp-block-group-is-layout-flow\"><div class=\"wp-block-image is-resized\">\n<figure class=\"aligncenter size-large\"><a href=\"http:\/\/www.adehon.org\/es\/wp-content\/uploads\/2025\/09\/GVALaboraMinisterio-Educacion-VAL.png\"><img loading=\"lazy\" decoding=\"async\" width=\"1024\" height=\"170\" src=\"http:\/\/www.adehon.org\/es\/wp-content\/uploads\/2025\/09\/GVALaboraMinisterio-Educacion-VAL-1024x170.png\" alt=\"\" class=\"wp-image-4956\" srcset=\"https:\/\/www.adehon.org\/es\/wp-content\/uploads\/2025\/09\/GVALaboraMinisterio-Educacion-VAL-1024x170.png 1024w, https:\/\/www.adehon.org\/es\/wp-content\/uploads\/2025\/09\/GVALaboraMinisterio-Educacion-VAL-300x50.png 300w, https:\/\/www.adehon.org\/es\/wp-content\/uploads\/2025\/09\/GVALaboraMinisterio-Educacion-VAL-768x127.png 768w, https:\/\/www.adehon.org\/es\/wp-content\/uploads\/2025\/09\/GVALaboraMinisterio-Educacion-VAL-1536x254.png 1536w, https:\/\/www.adehon.org\/es\/wp-content\/uploads\/2025\/09\/GVALaboraMinisterio-Educacion-VAL.png 1811w\" sizes=\"auto, (max-width: 1024px) 100vw, 1024px\" \/><\/a><\/figure><\/div><\/div><\/div>\n\n\n\n<div class=\"wp-block-cover is-light has-custom-content-position is-position-bottom-center\"><span aria-hidden=\"true\" class=\"wp-block-cover__background has-white-background-color has-background-dim-70 has-background-dim\"><\/span><img loading=\"lazy\" decoding=\"async\" width=\"1920\" height=\"1288\" class=\"wp-block-cover__image-background wp-image-3493\" alt=\"\" src=\"https:\/\/www.adehon.org\/es\/wp-content\/uploads\/2020\/12\/notebook-336634_1920.jpg\" style=\"object-position:54% 48%\" data-object-fit=\"cover\" data-object-position=\"54% 48%\" srcset=\"https:\/\/www.adehon.org\/es\/wp-content\/uploads\/2020\/12\/notebook-336634_1920.jpg 1920w, https:\/\/www.adehon.org\/es\/wp-content\/uploads\/2020\/12\/notebook-336634_1920-300x201.jpg 300w, https:\/\/www.adehon.org\/es\/wp-content\/uploads\/2020\/12\/notebook-336634_1920-768x515.jpg 768w, https:\/\/www.adehon.org\/es\/wp-content\/uploads\/2020\/12\/notebook-336634_1920-1024x687.jpg 1024w\" sizes=\"auto, (max-width: 1920px) 100vw, 1920px\" \/><div class=\"wp-block-cover__inner-container is-layout-flow wp-block-cover-is-layout-flow\">\n<div class=\"wp-block-group\"><div class=\"wp-block-group__inner-container is-layout-flow wp-block-group-is-layout-flow\">\n<p class=\"has-x-large-font-size\"><strong>CURSOS GRATUITOS <\/strong><\/p>\n\n\n\n<p class=\"has-x-large-font-size\"><strong>CERTIFICADOS DE PROFESIONALIDAD <\/strong><\/p>\n\n\n\n<p class=\"has-x-large-font-size\"><strong>LABORA 2025\/2026<\/strong><\/p>\n<\/div><\/div>\n<\/div><\/div>\n\n\n\n<p class=\"has-text-align-left has-black-color has-text-color\"><strong>Los certificados de profesionalidad son el instrumento de acreditaci\u00f3n oficial de las cualificaciones profesionales del Cat\u00e1logo Nacional de Cualificaciones Profesionales en el \u00e1mbito de la administraci\u00f3n laboral. Se ordenan en 26 familias profesionales y tres niveles de cualificaci\u00f3n.<\/strong><\/p>\n\n\n\n<p>\u00a1<strong>ABRIMOS NUEVA SEDE EN CASTELL\u00d3N!<\/strong> <\/p>\n\n\n\n<p>Estamos situados en la <strong>Calle Tener\u00edas 43<\/strong>. <\/p>\n\n\n\n<p>\u00a1\u00a1Realiza tu preinscripci\u00f3n!!<\/p>\n\n\n\n<p>Listado de Certificados que vamos a impartir pr\u00f3ximamente:<\/p>\n\n\n\n<hr class=\"wp-block-separator has-css-opacity\"\/>\n\n\n\n<div class=\"wp-block-group\"><div class=\"wp-block-group__inner-container is-layout-flow wp-block-group-is-layout-flow\">\n<div class=\"wp-block-columns is-layout-flex wp-container-core-columns-is-layout-1 wp-block-columns-is-layout-flex\">\n<div class=\"wp-block-column is-layout-flow wp-block-column-is-layout-flow\">\n<h5 class=\"wp-block-heading has-text-align-left has-black-color has-text-color has-background has-small-font-size\" style=\"background-color:#8bbc19;letter-spacing:-0.2px\">ADGG0508: OPERACIONES DE GRABACI\u00d3N Y TRATAMIENTO DE DATOS Y DOCUMENTOS &#8211; NIVEL 1 <\/h5>\n\n\n<div class=\"lightweight-accordion\"><details><summary class=\"lightweight-accordion-title\"><span>Datos b\u00e1sicos<\/span><\/summary><div class=\"lightweight-accordion-body\">\n\n<p><strong>Plazo de matriculaci\u00f3n:<\/strong>&nbsp;ABIERTO<\/p>\n\n\n\n<p><strong>PR\u00d3XIMO INICIO<\/strong><\/p>\n\n\n\n<p><strong>Modalidad:<\/strong>&nbsp;Presencial CASTELL\u00d3N<\/p>\n\n\n\n<p><strong>Duraci\u00f3n:<\/strong>&nbsp;750 horas<\/p>\n\n\n\n<p><strong>Horario: <\/strong>En planificaci\u00f3n<\/p>\n\n\n\n<p><strong>Precio:<\/strong>&nbsp;Gratuito<\/p>\n\n<\/div><\/details><\/div>\n\n<div class=\"lightweight-accordion\"><details><summary class=\"lightweight-accordion-title\"><span>Objetivos<\/span><\/summary><div class=\"lightweight-accordion-body\">\n\n<p>Realizar operaciones de grabaci\u00f3n de datos, as\u00ed como transcribir, reproducir y archivar la informaci\u00f3n y documentaci\u00f3n requeridas en las tareas administrativas y de gesti\u00f3n, de acuerdo con instrucciones, normativa y procedimientos establecidos, de forma coordinada y con criterios de calidad, productividad, seguridad y respeto al medio ambiente.<\/p>\n\n<\/div><\/details><\/div>\n\n<div class=\"lightweight-accordion\"><details><summary class=\"lightweight-accordion-title\"><span>Contenidos<\/span><\/summary><div class=\"lightweight-accordion-body\">\n\n<p><strong>1.<\/strong> MF0973_1: Grabaci\u00f3n de datos <\/p>\n\n\n\n<p><strong>2.<\/strong> MF0974_1: Tratamiento de datos, textos y documentaci\u00f3n <\/p>\n\n\n\n<p><strong>3.<\/strong> MF0974_1: Reproducci\u00f3n y archivo <\/p>\n\n\n\n<p><strong>Pr\u00e1cticas profesionales no laborales <\/strong><\/p>\n\n\n\n<p><strong>Contenidos complementarios:<\/strong><\/p>\n\n\n\n<p>FCOO03: Inserci\u00f3n laboral, sensibilizaci\u00f3n medioambiental (10 horas)<\/p>\n\n\n\n<p>CTRD0009: Polivalente en gesti\u00f3n inform\u00e1tica.<\/p>\n\n\n\n<p>CTRD0022: Ofim\u00e1tica: Aplicaciones inform\u00e1ticas de gesti\u00f3n<\/p>\n\n\n\n<p>FCOI01: Alfabetizaci\u00f3n inform\u00e1tica: Internet.<\/p>\n\n<\/div><\/details><\/div>\n\n<div class=\"lightweight-accordion\"><details><summary class=\"lightweight-accordion-title\"><span>Requisitos de acceso<\/span><\/summary><div class=\"lightweight-accordion-body\">\n\n<ul class=\"wp-block-list\">\n<li>Estar inscrito en Labora<\/li>\n<\/ul>\n\n<\/div><\/details><\/div>\n\n\n<div class=\"wp-block-buttons is-layout-flex wp-block-buttons-is-layout-flex\">\n<div class=\"wp-block-button is-style-fill\"><a class=\"wp-block-button__link has-black-color has-text-color has-background wp-element-button\" href=\"https:\/\/forms.office.com\/e\/x5dRz3gur3\" style=\"background-color:#8bbc19\" target=\"_blank\" rel=\"noreferrer noopener\"><strong>Pre-inscripci\u00f3n<\/strong><\/a><\/div>\n<\/div>\n\n\n\n<div class=\"wp-block-buttons is-horizontal is-content-justification-left is-layout-flex wp-container-core-buttons-is-layout-2 wp-block-buttons-is-layout-flex\"><\/div>\n<\/div>\n\n\n\n<div class=\"wp-block-column is-layout-flow wp-block-column-is-layout-flow\">\n<h5 class=\"wp-block-heading has-text-align-left has-black-color has-text-color has-background has-small-font-size\" style=\"background-color:#8bbc19;letter-spacing:-0.2px\">ADGG0408: OPERACIONES AUXILIARES DE SERVICIOS ADMINISTRATIVOS Y GENERALES &#8211; NIVEL 1 <\/h5>\n\n\n<div class=\"lightweight-accordion\"><details><summary class=\"lightweight-accordion-title\"><span>Datos b\u00e1sicos<\/span><\/summary><div class=\"lightweight-accordion-body\">\n\n<p><strong>Plazo de matriculaci\u00f3n:<\/strong>&nbsp;ABIERTO<\/p>\n\n\n\n<p><strong>PR\u00d3XIMO INICIO<\/strong><\/p>\n\n\n\n<p><strong>Modalidad:<\/strong>&nbsp;Presencial CASTELL\u00d3N<\/p>\n\n\n\n<p><strong>Duraci\u00f3n:<\/strong>&nbsp;755 horas<\/p>\n\n\n\n<p><strong>Horario: <\/strong>En planificaci\u00f3n<\/p>\n\n\n\n<p><strong>Precio:<\/strong>&nbsp;Gratuito<\/p>\n\n<\/div><\/details><\/div>\n\n<div class=\"lightweight-accordion\"><details><summary class=\"lightweight-accordion-title\"><span>Objetivos<\/span><\/summary><div class=\"lightweight-accordion-body\">\n\n<p>Distribuir, reproducir y transmitir la informaci\u00f3n y documentaci\u00f3n requeridas en las tareas administrativas y de gesti\u00f3n, internas y externas, as\u00ed como realizar tr\u00e1mites<br>elementales de verificaci\u00f3n de datos y documentos a requerimiento de t\u00e9cnicos de nivel superior con eficacia, de acuerdo con instrucciones o procedimientos establecidos.<\/p>\n\n<\/div><\/details><\/div>\n\n<div class=\"lightweight-accordion\"><details><summary class=\"lightweight-accordion-title\"><span>Contenidos<\/span><\/summary><div class=\"lightweight-accordion-body\">\n\n<p><strong>1.<\/strong> MF0969_1: T\u00e9cnicas administrativas b\u00e1sicas de oficina <\/p>\n\n\n\n<p><strong>2.<\/strong> MF0970_1: Operaciones b\u00e1sicas de comunicaci\u00f3n &nbsp;<\/p>\n\n\n\n<p><strong>3.<\/strong> MF0971_1: Reproducci\u00f3n y archivo <\/p>\n\n\n\n<p><strong>Pr\u00e1cticas profesionales no laborales <\/strong><\/p>\n\n\n\n<p><strong>Contenidos complementarios:<\/strong><\/p>\n\n\n\n<p>CTRD0009_Polivalente en gesti\u00f3n inform\u00e1tica.<\/p>\n\n\n\n<p>CTRD0022_ Ofim\u00e1tica: aplicaciones inform\u00e1ticas de gesti\u00f3n.<\/p>\n\n\n\n<p>FCOI02_ Alfabetizaci\u00f3n inform\u00e1tica: inform\u00e1tica e internet.<\/p>\n\n\n\n<p>FCOO03 Inserci\u00f3n laboral, sensibilizaci\u00f3n medioambiental<\/p>\n\n<\/div><\/details><\/div>\n\n<div class=\"lightweight-accordion\"><details><summary class=\"lightweight-accordion-title\"><span>Requisitos de acceso<\/span><\/summary><div class=\"lightweight-accordion-body\">\n\n<ul class=\"wp-block-list\">\n<li>Estar inscrito en Labora.<\/li>\n<\/ul>\n\n<\/div><\/details><\/div>\n\n\n<div class=\"wp-block-buttons is-layout-flex wp-block-buttons-is-layout-flex\">\n<div class=\"wp-block-button is-style-fill\"><a class=\"wp-block-button__link has-black-color has-text-color has-background wp-element-button\" href=\"https:\/\/forms.office.com\/e\/x5dRz3gur3\" style=\"background-color:#8bbc19\" target=\"_blank\" rel=\"noreferrer noopener\"><strong>Pre-inscripci\u00f3n<\/strong><\/a><\/div>\n<\/div>\n\n\n\n<div class=\"wp-block-buttons is-horizontal is-content-justification-left is-layout-flex wp-container-core-buttons-is-layout-4 wp-block-buttons-is-layout-flex\"><\/div>\n<\/div>\n\n\n\n<div class=\"wp-block-column is-layout-flow wp-block-column-is-layout-flow\">\n<h5 class=\"wp-block-heading has-black-color has-text-color has-background has-small-font-size\" style=\"background-color:#8bbc19\">SSCE0110: HABILITACI\u00d3N PARA LA DOCENCIA EN GRADOS A, B Y C DEL SISTEMA DE FORMACI\u00d3N PROFESIONAL &#8211; NIVEL 3<\/h5>\n\n\n<div class=\"lightweight-accordion\"><details><summary class=\"lightweight-accordion-title\"><span>Datos b\u00e1sicos<\/span><\/summary><div class=\"lightweight-accordion-body\">\n\n<p><strong>Plazo de matriculaci\u00f3n:<\/strong>&nbsp;ABIERTO<\/p>\n\n\n\n<p><strong>PR\u00d3XIMO INICIO<\/strong><\/p>\n\n\n\n<p><strong>Modalidad:<\/strong>&nbsp;Presencial CASTELL\u00d3N<\/p>\n\n\n\n<p><strong>Duraci\u00f3n:<\/strong>&nbsp;450 horas<\/p>\n\n\n\n<p><strong>Horario: <\/strong>En planificaci\u00f3n<\/p>\n\n\n\n<p><strong>Precio:<\/strong>&nbsp;Gratuito<\/p>\n\n<\/div><\/details><\/div>\n\n<div class=\"lightweight-accordion\"><details><summary class=\"lightweight-accordion-title\"><span>Objetivos<\/span><\/summary><div class=\"lightweight-accordion-body\">\n\n<p>Programar, impartir, tutorizar y evaluar acciones formativas del subsistema de formaci\u00f3n profesional para el empleo, elaborando y utilizando materiales, medios y recursos did\u00e1cticos, orientando sobre los itinerarios formativos y salidas profesionales que ofrece el mercado laboral en su especialidad, promoviendo de forma permanente la calidad de la formaci\u00f3n y la actualizaci\u00f3n did\u00e1ctica.<\/p>\n\n<\/div><\/details><\/div>\n\n<div class=\"lightweight-accordion\"><details><summary class=\"lightweight-accordion-title\"><span>Contenidos<\/span><\/summary><div class=\"lightweight-accordion-body\">\n\n<p><strong>MF1442_3:<\/strong> Programaci\u00f3n did\u00e1ctica de acciones formativas para el empleo<\/p>\n\n\n\n<p><strong>MF1443_3:<\/strong> Selecci\u00f3n, elaboraci\u00f3n, adaptaci\u00f3n y utilizaci\u00f3n de materiales, medios y recursos did\u00e1cticos en formaci\u00f3n profesional para el empleo<\/p>\n\n\n\n<p><strong>MF1444_3:<\/strong> Impartici\u00f3n y tutorizaci\u00f3n de acciones formativas para el empleo<\/p>\n\n\n\n<p><strong>UF1645:<\/strong> Impartici\u00f3n de acciones formativas para el empleo<\/p>\n\n\n\n<p><strong>UF1646:<\/strong> Tutorizaci\u00f3n de acciones formativas para el empleo<\/p>\n\n\n\n<p><strong>MF1445_3:<\/strong> Evaluaci\u00f3n del proceso de ense\u00f1anza &#8211; aprendizaje en formaci\u00f3n profesional para el empleo&nbsp;<\/p>\n\n\n\n<p><strong>MF1446_3:<\/strong> Orientaci\u00f3n laboral y promoci\u00f3n de la calidad en la formaci\u00f3n profesional para el empleo&nbsp;<\/p>\n\n\n\n<p><strong>Pr\u00e1cticas profesionales no laborales <\/strong><\/p>\n\n\n\n<p><strong>Contenidos complementarios:<\/strong><\/p>\n\n\n\n<p>FCOO03: Inserci\u00f3n laboral, sensibilizaci\u00f3n medioambiental (10 horas)<\/p>\n\n\n\n<p>FCOO04: Fomento y promoci\u00f3n del trabajo aut\u00f3nomo (30 horas)<\/p>\n\n<\/div><\/details><\/div>\n\n<div class=\"lightweight-accordion\"><details><summary class=\"lightweight-accordion-title\"><span>Requisitos de acceso<\/span><\/summary><div class=\"lightweight-accordion-body\">\n\n<ul class=\"wp-block-list\">\n<li>Estar inscrito en Labora.<\/li>\n\n\n\n<li>Tener cursado el MF0233_2: Ofim\u00e1tica o el MF0973_1: Grabaci\u00f3n de datos.<\/li>\n<\/ul>\n\n\n\n<ul class=\"wp-block-list\">\n<li>T\u00edtulo de Bachiller.<\/li>\n\n\n\n<li>Certificado de profesionalidad de nivel 3.<\/li>\n\n\n\n<li>Certificado de profesionalidad de nivel 2 de la misma familia y \u00e1rea profesional.<\/li>\n\n\n\n<li>Cumplir el requisito acad\u00e9mico de acceso a los ciclos formativos de grado medio o bien haber superado las correspondientes pruebas de acceso a grado superior.<\/li>\n\n\n\n<li>Tener superada la prueba de acceso a la universidad para mayores de 25 a\u00f1os y\/o de 45 a\u00f1os.<\/li>\n\n\n\n<li>De no cumplir requisitos: solicitar al centro pruebas de competencias nivel 3<\/li>\n<\/ul>\n\n<\/div><\/details><\/div>\n\n\n<div class=\"wp-block-buttons is-layout-flex wp-block-buttons-is-layout-flex\">\n<div class=\"wp-block-button\"><a class=\"wp-block-button__link has-black-color has-text-color has-background wp-element-button\" href=\"https:\/\/forms.office.com\/e\/x5dRz3gur3\" style=\"background-color:#8bbc19\" target=\"_blank\" rel=\"noreferrer noopener\"><strong>Pre-inscripci\u00f3n<\/strong><\/a><\/div>\n<\/div>\n<\/div>\n<\/div>\n<\/div><\/div>\n\n\n\n<hr class=\"wp-block-separator has-css-opacity\"\/>\n\n\n\n<div class=\"wp-block-group\"><div class=\"wp-block-group__inner-container is-layout-flow wp-block-group-is-layout-flow\"><\/div><\/div>\n\n\n\n<hr class=\"wp-block-separator has-css-opacity\"\/>\n\n\n\n<div class=\"wp-block-group\"><div class=\"wp-block-group__inner-container is-layout-flow wp-block-group-is-layout-flow\">\n<div class=\"wp-block-columns is-layout-flex wp-container-core-columns-is-layout-2 wp-block-columns-is-layout-flex\"><\/div>\n<\/div><\/div>\n\n\n\n<div class=\"wp-block-group\"><div class=\"wp-block-group__inner-container is-layout-flow wp-block-group-is-layout-flow\"><\/div><\/div>\n\n\n\n<hr class=\"wp-block-separator has-css-opacity\"\/>\n\n\n\n<div class=\"wp-block-group\"><div class=\"wp-block-group__inner-container is-layout-flow wp-block-group-is-layout-flow\"><\/div><\/div>\n\n\n\n<p><\/p>\n","protected":false},"excerpt":{"rendered":"<p>Los certificados de profesionalidad son el instrumento de acreditaci\u00f3n oficial de las cualificaciones profesionales del Cat\u00e1logo Nacional de Cualificaciones Profesionales en el \u00e1mbito de la administraci\u00f3n laboral. Se ordenan en 26 familias profesionales y tres niveles de cualificaci\u00f3n. \u00a1ABRIMOS NUEVA SEDE EN CASTELL\u00d3N! Estamos situados en la Calle Tener\u00edas 43. \u00a1\u00a1Realiza tu preinscripci\u00f3n!! Listado de Certificados que vamos a impartir pr\u00f3ximamente: ADGG0508: OPERACIONES DE GRABACI\u00d3N Y TRATAMIENTO DE DATOS Y DOCUMENTOS &#8211; NIVEL 1 ADGG0408: OPERACIONES AUXILIARES DE SERVICIOS ADMINISTRATIVOS Y GENERALES &#8211; NIVEL 1 SSCE0110: HABILITACI\u00d3N PARA LA DOCENCIA EN GRADOS A, B Y C DEL SISTEMA DE FORMACI\u00d3N PROFESIONAL &#8211; NIVEL 3<\/p>\n","protected":false},"author":1,"featured_media":0,"parent":0,"menu_order":0,"comment_status":"closed","ping_status":"closed","template":"page-fullwidth.php","meta":{"footnotes":""},"class_list":["post-5017","page","type-page","status-publish","hentry"],"_links":{"self":[{"href":"https:\/\/www.adehon.org\/es\/wp-json\/wp\/v2\/pages\/5017","targetHints":{"allow":["GET"]}}],"collection":[{"href":"https:\/\/www.adehon.org\/es\/wp-json\/wp\/v2\/pages"}],"about":[{"href":"https:\/\/www.adehon.org\/es\/wp-json\/wp\/v2\/types\/page"}],"author":[{"embeddable":true,"href":"https:\/\/www.adehon.org\/es\/wp-json\/wp\/v2\/users\/1"}],"replies":[{"embeddable":true,"href":"https:\/\/www.adehon.org\/es\/wp-json\/wp\/v2\/comments?post=5017"}],"version-history":[{"count":2,"href":"https:\/\/www.adehon.org\/es\/wp-json\/wp\/v2\/pages\/5017\/revisions"}],"predecessor-version":[{"id":5026,"href":"https:\/\/www.adehon.org\/es\/wp-json\/wp\/v2\/pages\/5017\/revisions\/5026"}],"wp:attachment":[{"href":"https:\/\/www.adehon.org\/es\/wp-json\/wp\/v2\/media?parent=5017"}],"curies":[{"name":"wp","href":"https:\/\/api.w.org\/{rel}","templated":true}]}}