{"id":5027,"date":"2025-09-23T14:41:42","date_gmt":"2025-09-23T14:41:42","guid":{"rendered":"https:\/\/www.adehon.org\/es\/?page_id=5027"},"modified":"2025-09-24T09:14:42","modified_gmt":"2025-09-24T09:14:42","slug":"certificados-de-profesionalidad-elda-alicante-desempleados-as-labora-2025-2026","status":"publish","type":"page","link":"https:\/\/www.adehon.org\/es\/certificados-de-profesionalidad-elda-alicante-desempleados-as-labora-2025-2026\/","title":{"rendered":"CERTIFICADOS DE PROFESIONALIDAD &#8211; ELDA ALICANTE DESEMPLEADOS\/AS LABORA 2025\/2026"},"content":{"rendered":"\n<div class=\"wp-block-group\"><div class=\"wp-block-group__inner-container is-layout-flow wp-block-group-is-layout-flow\"><div class=\"wp-block-image is-resized\">\n<figure class=\"aligncenter size-large\"><a href=\"http:\/\/www.adehon.org\/es\/wp-content\/uploads\/2025\/09\/GVALaboraMinisterio-Educacion-VAL.png\"><img loading=\"lazy\" decoding=\"async\" width=\"1024\" height=\"170\" src=\"http:\/\/www.adehon.org\/es\/wp-content\/uploads\/2025\/09\/GVALaboraMinisterio-Educacion-VAL-1024x170.png\" alt=\"\" class=\"wp-image-4956\" srcset=\"https:\/\/www.adehon.org\/es\/wp-content\/uploads\/2025\/09\/GVALaboraMinisterio-Educacion-VAL-1024x170.png 1024w, https:\/\/www.adehon.org\/es\/wp-content\/uploads\/2025\/09\/GVALaboraMinisterio-Educacion-VAL-300x50.png 300w, https:\/\/www.adehon.org\/es\/wp-content\/uploads\/2025\/09\/GVALaboraMinisterio-Educacion-VAL-768x127.png 768w, https:\/\/www.adehon.org\/es\/wp-content\/uploads\/2025\/09\/GVALaboraMinisterio-Educacion-VAL-1536x254.png 1536w, https:\/\/www.adehon.org\/es\/wp-content\/uploads\/2025\/09\/GVALaboraMinisterio-Educacion-VAL.png 1811w\" sizes=\"auto, (max-width: 1024px) 100vw, 1024px\" \/><\/a><\/figure><\/div><\/div><\/div>\n\n\n\n<div class=\"wp-block-cover is-light has-custom-content-position is-position-bottom-center\"><span aria-hidden=\"true\" class=\"wp-block-cover__background has-white-background-color has-background-dim-70 has-background-dim\"><\/span><img loading=\"lazy\" decoding=\"async\" width=\"1920\" height=\"1288\" class=\"wp-block-cover__image-background wp-image-3493\" alt=\"\" src=\"https:\/\/www.adehon.org\/es\/wp-content\/uploads\/2020\/12\/notebook-336634_1920.jpg\" style=\"object-position:54% 48%\" data-object-fit=\"cover\" data-object-position=\"54% 48%\" srcset=\"https:\/\/www.adehon.org\/es\/wp-content\/uploads\/2020\/12\/notebook-336634_1920.jpg 1920w, https:\/\/www.adehon.org\/es\/wp-content\/uploads\/2020\/12\/notebook-336634_1920-300x201.jpg 300w, https:\/\/www.adehon.org\/es\/wp-content\/uploads\/2020\/12\/notebook-336634_1920-768x515.jpg 768w, https:\/\/www.adehon.org\/es\/wp-content\/uploads\/2020\/12\/notebook-336634_1920-1024x687.jpg 1024w\" sizes=\"auto, (max-width: 1920px) 100vw, 1920px\" \/><div class=\"wp-block-cover__inner-container is-layout-flow wp-block-cover-is-layout-flow\">\n<div class=\"wp-block-group\"><div class=\"wp-block-group__inner-container is-layout-flow wp-block-group-is-layout-flow\">\n<p class=\"has-x-large-font-size\"><strong>CURSOS GRATUITOS <\/strong><\/p>\n\n\n\n<p class=\"has-x-large-font-size\"><strong>CERTIFICADOS DE PROFESIONALIDAD <\/strong><\/p>\n\n\n\n<p class=\"has-x-large-font-size\"><strong>LABORA 2025\/2026<\/strong><\/p>\n<\/div><\/div>\n<\/div><\/div>\n\n\n\n<p class=\"has-text-align-left has-black-color has-text-color\"><strong>Los certificados de profesionalidad son el instrumento de acreditaci\u00f3n oficial de las cualificaciones profesionales del Cat\u00e1logo Nacional de Cualificaciones Profesionales en el \u00e1mbito de la administraci\u00f3n laboral. Se ordenan en 26 familias profesionales y tres niveles de cualificaci\u00f3n.<\/strong><\/p>\n\n\n\n<p>\u00a1<strong>ABRIMOS NUEVA SEDE EN ELDA, ALICANTE!<\/strong><\/p>\n\n\n\n<p>Estamos situados en la <strong>Calle jardines 17, Elda, Alicante<\/strong>.<\/p>\n\n\n\n<p>\u00a1\u00a1Realiza tu preinscripci\u00f3n!!<\/p>\n\n\n\n<p>Listado de Certificados que vamos a impartir pr\u00f3ximamente:<\/p>\n\n\n\n<hr class=\"wp-block-separator has-css-opacity\"\/>\n\n\n\n<div class=\"wp-block-group\"><div class=\"wp-block-group__inner-container is-layout-flow wp-block-group-is-layout-flow\">\n<div class=\"wp-block-columns is-layout-flex wp-container-core-columns-is-layout-1 wp-block-columns-is-layout-flex\">\n<div class=\"wp-block-column is-layout-flow wp-block-column-is-layout-flow\">\n<h5 class=\"wp-block-heading has-text-align-left has-black-color has-text-color has-background has-small-font-size\" style=\"background-color:#8bbc19;letter-spacing:-0.2px\">ADGG0508: OPERACIONES DE GRABACI\u00d3N Y TRATAMIENTO DE DATOS Y DOCUMENTOS &#8211; NIVEL 1 <\/h5>\n\n\n<div class=\"lightweight-accordion\"><details><summary class=\"lightweight-accordion-title\"><span>Datos b\u00e1sicos<\/span><\/summary><div class=\"lightweight-accordion-body\">\n\n<p><strong>Plazo de matriculaci\u00f3n:<\/strong>&nbsp;ABIERTO<\/p>\n\n\n\n<p><strong>PR\u00d3XIMO INICIO<\/strong><\/p>\n\n\n\n<p><strong>Modalidad:<\/strong>\u00a0Presencial ELDA, ALICANTE<\/p>\n\n\n\n<p><strong>Duraci\u00f3n:<\/strong>&nbsp;750 horas<\/p>\n\n\n\n<p><strong>Horario: <\/strong>En planificaci\u00f3n<\/p>\n\n\n\n<p><strong>Precio:<\/strong>&nbsp;Gratuito<\/p>\n\n<\/div><\/details><\/div>\n\n<div class=\"lightweight-accordion\"><details><summary class=\"lightweight-accordion-title\"><span>Objetivos<\/span><\/summary><div class=\"lightweight-accordion-body\">\n\n<p>Realizar operaciones de grabaci\u00f3n de datos, as\u00ed como transcribir, reproducir y archivar la informaci\u00f3n y documentaci\u00f3n requeridas en las tareas administrativas y de gesti\u00f3n, de acuerdo con instrucciones, normativa y procedimientos establecidos, de forma coordinada y con criterios de calidad, productividad, seguridad y respeto al medio ambiente.<\/p>\n\n<\/div><\/details><\/div>\n\n<div class=\"lightweight-accordion\"><details><summary class=\"lightweight-accordion-title\"><span>Contenidos<\/span><\/summary><div class=\"lightweight-accordion-body\">\n\n<p><strong>1.<\/strong> MF0973_1: Grabaci\u00f3n de datos <\/p>\n\n\n\n<p><strong>2.<\/strong> MF0974_1: Tratamiento de datos, textos y documentaci\u00f3n <\/p>\n\n\n\n<p><strong>3.<\/strong> MF0974_1: Reproducci\u00f3n y archivo <\/p>\n\n\n\n<p><strong>Pr\u00e1cticas profesionales no laborales <\/strong><\/p>\n\n\n\n<p><strong>Contenidos complementarios:<\/strong><\/p>\n\n\n\n<p>FCOO03: Inserci\u00f3n laboral, sensibilizaci\u00f3n medioambiental (10 horas)<\/p>\n\n\n\n<p>CTRD0009: Polivalente en gesti\u00f3n inform\u00e1tica.<\/p>\n\n\n\n<p>CTRD0022: Ofim\u00e1tica: Aplicaciones inform\u00e1ticas de gesti\u00f3n<\/p>\n\n\n\n<p>FCOI01: Alfabetizaci\u00f3n inform\u00e1tica: Internet.<\/p>\n\n<\/div><\/details><\/div>\n\n<div class=\"lightweight-accordion\"><details><summary class=\"lightweight-accordion-title\"><span>Requisitos de acceso<\/span><\/summary><div class=\"lightweight-accordion-body\">\n\n<ul class=\"wp-block-list\">\n<li>Estar inscrito en Labora<\/li>\n<\/ul>\n\n<\/div><\/details><\/div>\n\n\n<div class=\"wp-block-buttons is-layout-flex wp-block-buttons-is-layout-flex\">\n<div class=\"wp-block-button is-style-fill\"><a class=\"wp-block-button__link has-black-color has-text-color has-background wp-element-button\" href=\"https:\/\/forms.office.com\/e\/Ky1PgApM6T\" style=\"background-color:#8bbc19\" target=\"_blank\" rel=\"noreferrer noopener\"><strong>Pre-inscripci\u00f3n<\/strong><\/a><\/div>\n<\/div>\n\n\n\n<div class=\"wp-block-buttons is-horizontal is-content-justification-left is-layout-flex wp-container-core-buttons-is-layout-2 wp-block-buttons-is-layout-flex\"><\/div>\n<\/div>\n\n\n\n<div class=\"wp-block-column is-layout-flow wp-block-column-is-layout-flow\">\n<h5 class=\"wp-block-heading has-text-align-left has-black-color has-text-color has-background has-small-font-size\" style=\"background-color:#8bbc19;letter-spacing:-0.2px\">ADGG0408: OPERACIONES AUXILIARES DE SERVICIOS ADMINISTRATIVOS Y GENERALES &#8211; NIVEL 1 <\/h5>\n\n\n<div class=\"lightweight-accordion\"><details><summary class=\"lightweight-accordion-title\"><span>Datos b\u00e1sicos<\/span><\/summary><div class=\"lightweight-accordion-body\">\n\n<p><strong>Plazo de matriculaci\u00f3n:<\/strong>&nbsp;ABIERTO<\/p>\n\n\n\n<p><strong>PR\u00d3XIMO INICIO<\/strong><\/p>\n\n\n\n<p><strong>Modalidad:<\/strong>\u00a0Presencial ELDA, ALICANTE<\/p>\n\n\n\n<p><strong>Duraci\u00f3n:<\/strong>&nbsp;755 horas<\/p>\n\n\n\n<p><strong>Horario: <\/strong>En planificaci\u00f3n<\/p>\n\n\n\n<p><strong>Precio:<\/strong>&nbsp;Gratuito<\/p>\n\n<\/div><\/details><\/div>\n\n<div class=\"lightweight-accordion\"><details><summary class=\"lightweight-accordion-title\"><span>Objetivos<\/span><\/summary><div class=\"lightweight-accordion-body\">\n\n<p>Distribuir, reproducir y transmitir la informaci\u00f3n y documentaci\u00f3n requeridas en las tareas administrativas y de gesti\u00f3n, internas y externas, as\u00ed como realizar tr\u00e1mites<br>elementales de verificaci\u00f3n de datos y documentos a requerimiento de t\u00e9cnicos de nivel superior con eficacia, de acuerdo con instrucciones o procedimientos establecidos.<\/p>\n\n<\/div><\/details><\/div>\n\n<div class=\"lightweight-accordion\"><details><summary class=\"lightweight-accordion-title\"><span>Contenidos<\/span><\/summary><div class=\"lightweight-accordion-body\">\n\n<p><strong>1.<\/strong> MF0969_1: T\u00e9cnicas administrativas b\u00e1sicas de oficina <\/p>\n\n\n\n<p><strong>2.<\/strong> MF0970_1: Operaciones b\u00e1sicas de comunicaci\u00f3n &nbsp;<\/p>\n\n\n\n<p><strong>3.<\/strong> MF0971_1: Reproducci\u00f3n y archivo <\/p>\n\n\n\n<p><strong>Pr\u00e1cticas profesionales no laborales <\/strong><\/p>\n\n\n\n<p><strong>Contenidos complementarios:<\/strong><\/p>\n\n\n\n<p>CTRD0009_Polivalente en gesti\u00f3n inform\u00e1tica.<\/p>\n\n\n\n<p>CTRD0022_ Ofim\u00e1tica: aplicaciones inform\u00e1ticas de gesti\u00f3n.<\/p>\n\n\n\n<p>FCOI02_ Alfabetizaci\u00f3n inform\u00e1tica: inform\u00e1tica e internet.<\/p>\n\n\n\n<p>FCOO03 Inserci\u00f3n laboral, sensibilizaci\u00f3n medioambiental<\/p>\n\n<\/div><\/details><\/div>\n\n<div class=\"lightweight-accordion\"><details><summary class=\"lightweight-accordion-title\"><span>Requisitos de acceso<\/span><\/summary><div class=\"lightweight-accordion-body\">\n\n<ul class=\"wp-block-list\">\n<li>Estar inscrito en Labora.<\/li>\n<\/ul>\n\n<\/div><\/details><\/div>\n\n\n<div class=\"wp-block-buttons is-layout-flex wp-block-buttons-is-layout-flex\">\n<div class=\"wp-block-button is-style-fill\"><a class=\"wp-block-button__link has-black-color has-text-color has-background wp-element-button\" href=\"https:\/\/forms.office.com\/e\/Ky1PgApM6T\" style=\"background-color:#8bbc19\" target=\"_blank\" rel=\"noreferrer noopener\"><strong>Pre-inscripci\u00f3n<\/strong><\/a><\/div>\n<\/div>\n\n\n\n<div class=\"wp-block-buttons is-horizontal is-content-justification-left is-layout-flex wp-container-core-buttons-is-layout-4 wp-block-buttons-is-layout-flex\"><\/div>\n<\/div>\n\n\n\n<div class=\"wp-block-column is-layout-flow wp-block-column-is-layout-flow\">\n<h5 class=\"wp-block-heading has-black-color has-text-color has-background has-small-font-size\" style=\"background-color:#8bbc19\">ADGG0308 : ASISTENCIA DOCUMENTAL Y DE GESTI\u00d3N EN OFICINAS Y DESPACHOS &#8211; NIVEL 3<\/h5>\n\n\n<div class=\"lightweight-accordion\"><details><summary class=\"lightweight-accordion-title\"><span>Datos b\u00e1sicos<\/span><\/summary><div class=\"lightweight-accordion-body\">\n\n<p><strong>Plazo de matriculaci\u00f3n:<\/strong>&nbsp;ABIERTO<\/p>\n\n\n\n<p><strong>PR\u00d3XIMO INICIO<\/strong><\/p>\n\n\n\n<p><strong>Modalidad:<\/strong>\u00a0Presencial ELDA, ALICANTE<\/p>\n\n\n\n<p><strong>Duraci\u00f3n:<\/strong>\u00a0820 horas<\/p>\n\n\n\n<p><strong>Horario: <\/strong>En planificaci\u00f3n<\/p>\n\n\n\n<p><strong>Precio:<\/strong>&nbsp;Gratuito<\/p>\n\n<\/div><\/details><\/div>\n\n<div class=\"lightweight-accordion\"><details><summary class=\"lightweight-accordion-title\"><span>Objetivos<\/span><\/summary><div class=\"lightweight-accordion-body\">\n\n<p>Asistir a la gesti\u00f3n de despachos y oficinas profesionales, y\/o departamentos de Recursos Humanos, de forma proactiva, organizando y apoyando la gesti\u00f3n administrativa y documental del mismo, y realizando las gestiones de comunicaci\u00f3n internas y externas, la preparaci\u00f3n y presentaci\u00f3n de expedientes y documentos jur\u00eddicos propios ante las Administraciones P\u00fablicas, as\u00ed como el mantenimiento del archivo, seg\u00fan los objetivos marcados, respetando los procedimientos internos y las normas legales establecidas.<\/p>\n\n<\/div><\/details><\/div>\n\n<div class=\"lightweight-accordion\"><details><summary class=\"lightweight-accordion-title\"><span>Contenidos<\/span><\/summary><div class=\"lightweight-accordion-body\">\n\n<p>MF0982_3 ADMINISTRACI\u00d3N Y GESTI\u00d3N DE LAS COMUNICACIONES DE LA DIRECCI\u00d3N<\/p>\n\n\n\n<p>MF0986_3 ELABORACI\u00d3N, TRATAMIENTO Y PRESENTACI\u00d3N DE DOCUMENTOS DE TRABAJO<\/p>\n\n\n\n<p>MF0987_3 GESTI\u00d3N DE SISTEMAS DE INFORMACI\u00d3N Y ARCHIVO<\/p>\n\n\n\n<p>MF0988_3 GESTI\u00d3N DE DOCUMENTACI\u00d3N JUR\u00cdDICA Y EMPRESARIAL<\/p>\n\n\n\n<p>MF0980_2 GESTI\u00d3N AUXILIAR DEL PERSONAL<\/p>\n\n\n\n<p>MF0979_2 GESTI\u00d3N OPERATIVA DE TESORER\u00cdA<\/p>\n\n\n\n<p><strong>Contenidos complementarios:<\/strong><\/p>\n\n\n\n<p><strong>Pr\u00e1cticas profesionales no laborales <\/strong><\/p>\n\n\n\n<p>FCOO03: Inserci\u00f3n laboral, sensibilizaci\u00f3n medioambiental (10 horas)<\/p>\n\n\n\n<p>FCOO04: Fomento y promoci\u00f3n del trabajo aut\u00f3nomo (30 horas)<\/p>\n\n<\/div><\/details><\/div>\n\n<div class=\"lightweight-accordion\"><details><summary class=\"lightweight-accordion-title\"><span>Requisitos de acceso<\/span><\/summary><div class=\"lightweight-accordion-body\">\n\n<ul class=\"wp-block-list\">\n<li>Estar inscrito en Labora.<\/li>\n<\/ul>\n\n\n\n<ul class=\"wp-block-list\">\n<li>T\u00edtulo de Bachiller.<\/li>\n\n\n\n<li>Certificado de profesionalidad de nivel 3.<\/li>\n\n\n\n<li>Certificado de profesionalidad de nivel 2 de la misma familia y \u00e1rea profesional.<\/li>\n\n\n\n<li>Cumplir el requisito acad\u00e9mico de acceso a los ciclos formativos de grado medio o bien haber superado las correspondientes pruebas de acceso a grado superior.<\/li>\n\n\n\n<li>Tener superada la prueba de acceso a la universidad para mayores de 25 a\u00f1os y\/o de 45 a\u00f1os.<\/li>\n\n\n\n<li>De no cumplir requisitos: solicitar al centro pruebas de competencias nivel 3<\/li>\n<\/ul>\n\n<\/div><\/details><\/div>\n\n\n<div class=\"wp-block-buttons is-layout-flex wp-block-buttons-is-layout-flex\">\n<div class=\"wp-block-button\"><a class=\"wp-block-button__link has-black-color has-text-color has-background wp-element-button\" href=\"https:\/\/forms.office.com\/e\/Ky1PgApM6T\" style=\"background-color:#8bbc19\" target=\"_blank\" rel=\"noreferrer noopener\"><strong>Pre-inscripci\u00f3n<\/strong><\/a><\/div>\n<\/div>\n<\/div>\n<\/div>\n<\/div><\/div>\n\n\n\n<hr class=\"wp-block-separator has-css-opacity\"\/>\n\n\n\n<div class=\"wp-block-group\"><div class=\"wp-block-group__inner-container is-layout-flow wp-block-group-is-layout-flow\"><\/div><\/div>\n\n\n\n<hr class=\"wp-block-separator has-css-opacity\"\/>\n\n\n\n<div class=\"wp-block-group\"><div class=\"wp-block-group__inner-container is-layout-flow wp-block-group-is-layout-flow\">\n<div class=\"wp-block-columns is-layout-flex wp-container-core-columns-is-layout-2 wp-block-columns-is-layout-flex\"><\/div>\n<\/div><\/div>\n\n\n\n<div class=\"wp-block-group\"><div class=\"wp-block-group__inner-container is-layout-flow wp-block-group-is-layout-flow\"><\/div><\/div>\n\n\n\n<hr class=\"wp-block-separator has-css-opacity\"\/>\n\n\n\n<div class=\"wp-block-group\"><div class=\"wp-block-group__inner-container is-layout-flow wp-block-group-is-layout-flow\"><\/div><\/div>\n\n\n\n<p><\/p>\n","protected":false},"excerpt":{"rendered":"<p>Los certificados de profesionalidad son el instrumento de acreditaci\u00f3n oficial de las cualificaciones profesionales del Cat\u00e1logo Nacional de Cualificaciones Profesionales en el \u00e1mbito de la administraci\u00f3n laboral. Se ordenan en 26 familias profesionales y tres niveles de cualificaci\u00f3n. \u00a1ABRIMOS NUEVA SEDE EN ELDA, ALICANTE! Estamos situados en la Calle jardines 17, Elda, Alicante. \u00a1\u00a1Realiza tu preinscripci\u00f3n!! Listado de Certificados que vamos a impartir pr\u00f3ximamente: ADGG0508: OPERACIONES DE GRABACI\u00d3N Y TRATAMIENTO DE DATOS Y DOCUMENTOS &#8211; NIVEL 1 ADGG0408: OPERACIONES AUXILIARES DE SERVICIOS ADMINISTRATIVOS Y GENERALES &#8211; NIVEL 1 ADGG0308 : ASISTENCIA DOCUMENTAL Y DE GESTI\u00d3N EN OFICINAS Y DESPACHOS &#8211; NIVEL 3<\/p>\n","protected":false},"author":1,"featured_media":0,"parent":0,"menu_order":0,"comment_status":"closed","ping_status":"closed","template":"page-fullwidth.php","meta":{"footnotes":""},"class_list":["post-5027","page","type-page","status-publish","hentry"],"_links":{"self":[{"href":"https:\/\/www.adehon.org\/es\/wp-json\/wp\/v2\/pages\/5027","targetHints":{"allow":["GET"]}}],"collection":[{"href":"https:\/\/www.adehon.org\/es\/wp-json\/wp\/v2\/pages"}],"about":[{"href":"https:\/\/www.adehon.org\/es\/wp-json\/wp\/v2\/types\/page"}],"author":[{"embeddable":true,"href":"https:\/\/www.adehon.org\/es\/wp-json\/wp\/v2\/users\/1"}],"replies":[{"embeddable":true,"href":"https:\/\/www.adehon.org\/es\/wp-json\/wp\/v2\/comments?post=5027"}],"version-history":[{"count":3,"href":"https:\/\/www.adehon.org\/es\/wp-json\/wp\/v2\/pages\/5027\/revisions"}],"predecessor-version":[{"id":5034,"href":"https:\/\/www.adehon.org\/es\/wp-json\/wp\/v2\/pages\/5027\/revisions\/5034"}],"wp:attachment":[{"href":"https:\/\/www.adehon.org\/es\/wp-json\/wp\/v2\/media?parent=5027"}],"curies":[{"name":"wp","href":"https:\/\/api.w.org\/{rel}","templated":true}]}}