{"id":526,"date":"2013-02-06T14:27:50","date_gmt":"2013-02-06T14:27:50","guid":{"rendered":"http:\/\/www.adehon.org\/es\/?page_id=526"},"modified":"2021-02-15T13:10:44","modified_gmt":"2021-02-15T13:10:44","slug":"agencia-colocacion","status":"publish","type":"page","link":"https:\/\/www.adehon.org\/es\/entidad\/agencia-colocacion\/","title":{"rendered":"Agencia Empleo"},"content":{"rendered":"<div class=\"grid_12 \"><h2><strong>Agencia de Colocaci\u00f3n \u00a0<\/strong><\/h2><\/div>\n<div class=\"grid_4 \"><p style=\"text-align: center;\"><a href=\"http:\/\/empleo.adehon.org\/\" target=\"_blank\" rel=\"noopener noreferrer\"><img loading=\"lazy\" decoding=\"async\" class=\"aligncenter size-full wp-image-835\" src=\"http:\/\/www.adehon.org\/es\/wp-content\/uploads\/2013\/02\/tu_buscador_empleo.jpg\" alt=\"tu_buscador_empleo\" width=\"245\" height=\"700\" srcset=\"https:\/\/www.adehon.org\/es\/wp-content\/uploads\/2013\/02\/tu_buscador_empleo.jpg 245w, https:\/\/www.adehon.org\/es\/wp-content\/uploads\/2013\/02\/tu_buscador_empleo-105x300.jpg 105w\" sizes=\"auto, (max-width: 245px) 100vw, 245px\" \/><\/a><\/p>\n<p style=\"text-align: center;\"><a href=\"http:\/\/www.adehon.org\/es\/trabaja-europa\/como-puedo-trabajar-en-alemania\/\"><img loading=\"lazy\" decoding=\"async\" class=\"aligncenter wp-image-1688\" src=\"http:\/\/www.adehon.org\/es\/wp-content\/uploads\/2013\/02\/trabaja_alemania.jpg\" alt=\"trabaja_alemania\" width=\"172\" height=\"102\" \/><\/a><a href=\"http:\/\/www.adehon.org\/es\/wp-content\/uploads\/2013\/02\/trabaja_polonia.jpg\"><img loading=\"lazy\" decoding=\"async\" class=\"aligncenter wp-image-1689\" src=\"http:\/\/www.adehon.org\/es\/wp-content\/uploads\/2013\/02\/trabaja_polonia.jpg\" alt=\"trabaja_polonia\" width=\"172\" height=\"102\" \/><\/a> <a href=\"http:\/\/www.adehon.org\/es\/trabaja-europa\/como-puedo-trabajar-en-suiza\/\"><img loading=\"lazy\" decoding=\"async\" class=\"aligncenter wp-image-1690\" src=\"http:\/\/www.adehon.org\/es\/wp-content\/uploads\/2013\/02\/trabaja_suiza.jpg\" alt=\"trabaja_suiza\" width=\"173\" height=\"102\" \/><\/a><\/p>\n<p style=\"text-align: center;\"><a href=\"http:\/\/www.adehon.org\/es\/trabaja-extranjero\/\"><img loading=\"lazy\" decoding=\"async\" class=\"aligncenter wp-image-1705\" src=\"http:\/\/www.adehon.org\/es\/wp-content\/uploads\/2013\/02\/trabajar_panama.jpg\" alt=\"trabajar_panama\" width=\"181\" height=\"107\" \/><\/a><\/p>\n<p style=\"text-align: justify;\"><\/div>\n<p style=\"text-align: justify;\"><div class=\"grid_3  alpha\"><p style=\"text-align: justify;\"><span style=\"color: #000000;\">ADEHON\u00a0es una <strong>Agencia de Colocaci\u00f3n Oficial<\/strong> (n\u00ba autorizaci\u00f3n 1000000048 del <a title=\"Servicio Publico de Empleo Estatal\" href=\"http:\/\/www.sepe.es\/contenido\/home\/\"><span style=\"color: #000000;\">SEPE &#8211; Servicio Publico de Empleo Estatal<\/span><\/a> del Ministerio de Empleo y Seguridad Social) y <strong>Certificaci\u00f3n Profesional<\/strong> que tiene como objeto fundamental la de colaborar con los diferentes servicios p\u00fablicos de Empleo orientando, asesorando y sobre posibilitando los procesos de contrataci\u00f3n de personal intermediando entre demandantes y ofertantes de empleo. Para ello, ADEHON pone a disposici\u00f3n de cualquier demandante y ofertante de empleo todas sus capacidades, recursos y servicios profesionales, entre los cuales, se encuentra fundamentalmente la posibilidad de realizar sendos <strong>CERTIFICADOS y CARNETS PROFESIONALES<\/strong> con el objetivo \u00faltimo de:<\/span><\/p>\n<p style=\"text-align: justify;\"><span style=\"color: #000000;\"><span class=\"dropcap\">1<\/span><!-- .dropcap (end) --><div class=\"extra-wrap indent-bot\"><strong>MEJORAR LA EMPLEABILIDAD DE LOS DEMANDANTES DE EMPLEO y<\/strong><\/div><!-- .extra-wrap (end) --><div class=\"clear\"><\/div><\/span><\/p>\n<p style=\"text-align: justify;\"><span style=\"color: #000000;\"><span class=\"dropcap\">2<\/span><!-- .dropcap (end) --><div class=\"extra-wrap indent-bot\"><strong>Hacer MAS EFICIENTES LOS PROCESOS DE SELECCI\u00d3N DE LAS EMPRESAS<\/strong>.<\/div><!-- .extra-wrap (end) --><div class=\"clear\"><\/div><\/span><\/p>\n<p style=\"text-align: justify;\"><span style=\"color: #000000;\">Dentro del objeto fundamental de nuestra entidad se encuentra en un lugar preferente el ayudar a aquellos colectivos m\u00e1s desfavorecidos y que por tanto precisan de una orientaci\u00f3n y apoyo mayor.<\/span><\/p>\n<p style=\"text-align: justify;\"><strong><span style=\"color: #000000;\">Los servicios y herramientas q<\/span>ue nuestra entidad pone a disposici\u00f3n de los demandantes de empleo y de las empresas es el siguiente:<\/strong><\/p>\n<p style=\"text-align: justify;\"><\/div>\n<h3 style=\"text-align: center;\"><span style=\"color: #ff0000;\">INSCRIBETE AQUI<\/span><\/h3>\n<p style=\"text-align: left;\"><strong><span style=\"color: #000000;\">\u00a0\u00a0\u00a0\u00a0\u00a0\u00a0\u00a0\u00a0 Para demandantes<\/span><\/strong> \u00a0 \u00a0 \u00a0 \u00a0 \u00a0 \u00a0 \u00a0 \u00a0\u00a0\u00a0\u00a0\u00a0\u00a0 <strong>Para Empresas<\/strong><\/p>\n<p style=\"text-align: center;\"><a href=\"http:\/\/empleo.adehon.org\/alumno-colocacion-registro\/\"><img loading=\"lazy\" decoding=\"async\" class=\"alignnone wp-image-1574 size-full\" src=\"http:\/\/www.adehon.org\/es\/wp-content\/uploads\/2013\/08\/pedir_curro.jpg\" alt=\"pedir_curro\" width=\"167\" height=\"224\" \/><\/a><a href=\"http:\/\/empresas.adehon.org\/\"><img loading=\"lazy\" decoding=\"async\" class=\"alignnone wp-image-2513\" src=\"http:\/\/www.adehon.org\/es\/wp-content\/uploads\/2015\/01\/lupa_empleo.jpg\" alt=\"lupa_empleo\" width=\"200\" height=\"181\" \/><\/a><br \/>\n<div class=\"grid_5 \"><p style=\"text-align: justify;\"><span style=\"color: #000000;\"><strong>PARA DEMANDANTES<\/strong><\/span><\/p>\n<ul style=\"text-align: justify;\">\n<li><span style=\"color: #000000;\">Desarrollo personalizado de los itinerarios de inserci\u00f3n para cada demandante de empleo<\/span><\/li>\n<li><span style=\"color: #000000;\">An\u00e1lisis de cada perfil profesional de cada demandante y comparativa con los par\u00e1metros fundamentales de b\u00fasqueda de empleo y selecci\u00f3n de personal que ponen en pr\u00e1ctica a diario las empresas.<\/span><\/li>\n<li><span style=\"color: #000000;\">Orientaci\u00f3n y asesoramiento profesional acerca de como mitigar y\/o eliminar los GAPS \u00f3 lagunas curriculares del perfil del demandante.<\/span><\/li>\n<li><span style=\"color: #000000;\">Certificaci\u00f3n profesional de la experiencia y habilidades profesionales de cada persona<\/span><\/li>\n<li><span style=\"color: #000000;\">Carnets profesionales que permitan cumplir con cualquier normativa estatal o auton\u00f3mica en el desarrollo de una profesi\u00f3n.<\/span><\/li>\n<\/ul>\n<p style=\"text-align: center;\"><a title=\"Acceso Agencia Empleo ADEHON\" href=\"http:\/\/empleo.adehon.org\/alumno-colocacion-registro\/\" target=\"_blank\" rel=\"noopener noreferrer\"><span style=\"color: #000000;\"><img loading=\"lazy\" decoding=\"async\" class=\"aligncenter size-full wp-image-574\" style=\"margin-left: 10px; margin-right: 10px;\" src=\"http:\/\/www.adehon.org\/es\/wp-content\/uploads\/2013\/02\/busqueda_empleo.jpg\" alt=\"busqueda_empleo\" width=\"261\" height=\"193\" \/><\/span><\/a><\/p>\n<p style=\"text-align: justify;\"><span style=\"color: #000000;\"><strong>PARA EMPRESAS<\/strong><\/span><\/p>\n<ul style=\"text-align: justify;\">\n<li><span style=\"color: #000000;\">Nuestra Agencia facilitar\u00e1 la implementaci\u00f3n en el sistema de cualquier oferta de empleo e ir\u00e1 en la medida de las posibilidades de la entidad orientando a la Empresa a la hora de solicitar un perfil profesional en funci\u00f3n a la experiencia acumulada de miles de ofertas de empleo y procesos de contrataci\u00f3n<\/span><\/li>\n<li><span style=\"color: #000000;\">Nos comprometemos con la Empresa a solamente remitirle aquellos CV o perfiles profesionales que realmente cumplen con la oferta evitando as\u00ed las habituales \u00abavalanchas\u00bb y haciendo m\u00e1s eficientes y r\u00e1pidos los procesos.<\/span><\/li>\n<\/ul>\n<p style=\"text-align: justify;\"><\/div>\n<div class=\"grid_12 \"><h2><div class=\"alert-box approved-box\">\u00bfPor qu\u00e9 somos diferentes?<\/div><\/h2>\n<h2><strong>\u00a0<\/strong><\/h2><\/div>\n<h2><\/h2>\n<div class=\"grid_6 \"><h2>Cuando buscas empleo<\/h2>\n<span class=\"dropcap\">1<\/span><!-- .dropcap (end) --><div class=\"extra-wrap indent-bot\"><b>Eres una persona. <\/b>Necesitas que te traten como tal y no como un simple nombre. Que entiendan la situaci\u00f3n en la que est\u00e1s y te tengan en cuenta en todas aquellas ofertas para las que t\u00fa perfil pudiera ser v\u00e1lido<b>.<\/b><\/div><!-- .extra-wrap (end) --><div class=\"clear\"><\/div>\n<span class=\"dropcap\">2<\/span><!-- .dropcap (end) --><div class=\"extra-wrap indent-bot\"><strong>Buscas Certezas. <\/strong>Saber si tienes opciones o no para conseguir un empleo concreto al que has ofertado.\u00a0Transparencia en los procesos de selecci\u00f3n. Saber en qu\u00e9 situaci\u00f3n est\u00e1s en cada momento<strong>.<\/strong><\/div><!-- .extra-wrap (end) --><div class=\"clear\"><\/div>\n<span class=\"dropcap\">3<\/span><!-- .dropcap (end) --><div class=\"extra-wrap indent-bot\"><strong>Orientaci\u00f3n Profesional<\/strong><strong>.<\/strong>\u00a0Necesitas que alguien te diga claramente en qu\u00e9 falla tu perfil. Qu\u00e9 tienes en tu mano para cambiar cada situaci\u00f3n y como cubrir los \u00abhuecos\u00bb m\u00e1s significativos de tu Curriculum Vitae.<\/div><!-- .extra-wrap (end) --><div class=\"clear\"><\/div>\n<span class=\"dropcap\">4<\/span><!-- .dropcap (end) --><div class=\"extra-wrap indent-bot\"><strong>Y&#8230;. sobre todo&#8230;..ENCONTRAR EMPLEO.<\/strong>\u00a0Que alguien sea lo suficientemente diligente como para que te incorpore en tantos procesos de selecci\u00f3n como para que finalmente puedas OBTENER TU EMPLEO.<\/div><!-- .extra-wrap (end) --><div class=\"clear\"><\/div><\/div>\n<div class=\"grid_6 \"><h2>Cuando buscas un empleado<\/h2>\n<span class=\"dropcap\">1<\/span><!-- .dropcap (end) --><div class=\"extra-wrap indent-bot\"><b>Quieres acertar con el perfil que buscas.\u00a0<\/b>Sabes lo que necesitas y quieres que la oferta de empleo que est\u00e1s implementando represente exactamente el perfil de personal que o buscas<b>.<\/b><\/div><!-- .extra-wrap (end) --><div class=\"clear\"><\/div>\n<span class=\"dropcap\">2<\/span><!-- .dropcap (end) --><div class=\"extra-wrap indent-bot\"><strong>Quieres rapidez de respuesta.\u00a0<\/strong>Saber que la oferta que has implementado en el sistema no ha ca\u00eddo en saco rato, que no es una oferta m\u00e1s, en una BBDD donde tu oferta no se ha convertido en un dato m\u00e1s. Profesionales especializados en la gesti\u00f3n de empleo la analizar\u00e1n y validar\u00e1n de forma previa al cruce de posibles candidatos. Siempre tendr\u00e1s certeza de que est\u00e1 pasando con tu oferta, si tiene candidatos, qu\u00e9 perfiles tienen, etc.<\/div><!-- .extra-wrap (end) --><div class=\"clear\"><\/div>\n<span class=\"dropcap\">3<\/span><!-- .dropcap (end) --><div class=\"extra-wrap indent-bot\"><strong>.Quieres evitar que te inunden con numerosos y extensos Curriculum.<\/strong>\u00a0El proceso de selecci\u00f3n, adem\u00e1s de ser transparente y orientado, tendr\u00e1 como resultado candidatos que cumplen con los m\u00ednimos b\u00e1sicos marcados por ti mismo en la oferta. Solamente recibir\u00e1s y gestionar\u00e1s aquellos candidatos que realmente te pueden interesar. .<\/div><!-- .extra-wrap (end) --><div class=\"clear\"><\/div>\n<span class=\"dropcap\">4<\/span><!-- .dropcap (end) --><div class=\"extra-wrap indent-bot\"><strong>Y&#8230;. sobre todo&#8230;..ENCONTRAR AL CANDIDATO PERFECTO.<\/strong>\u00a0.En Adehon aseguramos que al final del proceso, podr\u00e1s llegar a contactar con el perfil profesional que m\u00e1s se ajusta a lo que necesitas que est\u00e9 dentro de nuestras BBDD.<\/div><!-- .extra-wrap (end) --><div class=\"clear\"><\/div>\n<h5>Horario de Atenci\u00f3n al p\u00fablico: De Lunes a Viernes, de 9:00 a 14:00<\/h5>\n<h3>Cumplimenta este formulario y te daremos informaci\u00f3n detallada de como poder ayudarte a encontrar empleo o encontrar al candidato perfecto:<\/h3>\n[contact-form 1 \u00abContact form 1\u00bb]\n<p><span style=\"color: #000000;\"><\/div><\/span><\/p>\n","protected":false},"excerpt":{"rendered":"<p>INSCRIBETE AQUI \u00a0\u00a0\u00a0\u00a0\u00a0\u00a0\u00a0\u00a0 Para demandantes \u00a0 \u00a0 \u00a0 \u00a0 \u00a0 \u00a0 \u00a0 \u00a0\u00a0\u00a0\u00a0\u00a0\u00a0 Para Empresas<\/p>\n","protected":false},"author":1,"featured_media":0,"parent":654,"menu_order":11,"comment_status":"closed","ping_status":"closed","template":"page-fullwidth.php","meta":{"footnotes":""},"class_list":["post-526","page","type-page","status-publish","hentry"],"_links":{"self":[{"href":"https:\/\/www.adehon.org\/es\/wp-json\/wp\/v2\/pages\/526","targetHints":{"allow":["GET"]}}],"collection":[{"href":"https:\/\/www.adehon.org\/es\/wp-json\/wp\/v2\/pages"}],"about":[{"href":"https:\/\/www.adehon.org\/es\/wp-json\/wp\/v2\/types\/page"}],"author":[{"embeddable":true,"href":"https:\/\/www.adehon.org\/es\/wp-json\/wp\/v2\/users\/1"}],"replies":[{"embeddable":true,"href":"https:\/\/www.adehon.org\/es\/wp-json\/wp\/v2\/comments?post=526"}],"version-history":[{"count":109,"href":"https:\/\/www.adehon.org\/es\/wp-json\/wp\/v2\/pages\/526\/revisions"}],"predecessor-version":[{"id":3703,"href":"https:\/\/www.adehon.org\/es\/wp-json\/wp\/v2\/pages\/526\/revisions\/3703"}],"up":[{"embeddable":true,"href":"https:\/\/www.adehon.org\/es\/wp-json\/wp\/v2\/pages\/654"}],"wp:attachment":[{"href":"https:\/\/www.adehon.org\/es\/wp-json\/wp\/v2\/media?parent=526"}],"curies":[{"name":"wp","href":"https:\/\/api.w.org\/{rel}","templated":true}]}}