{"id":630,"date":"2013-02-14T12:50:36","date_gmt":"2013-02-14T12:50:36","guid":{"rendered":"http:\/\/www.adehon.org\/es\/?page_id=630"},"modified":"2020-12-14T09:43:26","modified_gmt":"2020-12-14T09:43:26","slug":"contacto","status":"publish","type":"page","link":"https:\/\/www.adehon.org\/es\/contacto\/","title":{"rendered":"Contacto"},"content":{"rendered":"<div class=\"grid_5 \"><h2>Informaci\u00f3n de contacto<iframe loading=\"lazy\" style=\"font-size: 16px; text-align: center;\" src=\"https:\/\/maps.google.com\/maps?f=q&amp;source=s_q&amp;hl=es&amp;geocode=&amp;q=C%2FGoya,+3+-+Moncada+-+Valencia&amp;aq=&amp;sll=37.0625,-95.677068&amp;sspn=55.806079,135.263672&amp;t=h&amp;ie=UTF8&amp;hq=&amp;hnear=Calle+Goya,+3,+46113+Moncada,+Valencia,+Espa%C3%B1a&amp;ll=39.545822,-0.396428&amp;spn=0.2149,0.528374&amp;z=12&amp;output=embed\" width=\"320\" height=\"350\" frameborder=\"0\" marginwidth=\"0\" marginheight=\"0\" scrolling=\"no\"><\/iframe><br \/>\n<small><a style=\"color: #0000ff; text-align: left;\" href=\"https:\/\/maps.google.com\/maps?f=q&amp;source=embed&amp;hl=es&amp;geocode=&amp;q=C%2FGoya,+3+-+Moncada+-+Valencia&amp;aq=&amp;sll=37.0625,-95.677068&amp;sspn=55.806079,135.263672&amp;t=h&amp;ie=UTF8&amp;hq=&amp;hnear=Calle+Goya,+3,+46113+Moncada,+Valencia,+Espa%C3%B1a&amp;ll=39.545822,-0.396428&amp;spn=0.2149,0.528374&amp;z=12\">Ver mapa m\u00e1s grande<\/a><\/small><\/h2>\n<h6>Estamos a tu disposici\u00f3n en la siguiente direcci\u00f3n y tel\u00e9fonos de contacto:<\/h6>\n<dl>\n<dt><span style=\"color: #99cc00;\">ADEHON<\/span><br \/>\nC\/Haraldo Dalhander, 9 &#8211; B<br \/>\n46113 &#8211; Moncada<\/dt>\n<dt>VALENCIA<\/dt>\n<dd>\n<ul>\n<li>Telephone:+34 961309044<\/li>\n<li>e-mail de contacto:<\/li>\n<\/ul>\n<p><a href=\"http:\/\/www.adehon.org\/es\/wp-content\/uploads\/2013\/02\/mail_adehon.png\"><img loading=\"lazy\" decoding=\"async\" class=\" size-full wp-image-2617 alignleft\" src=\"http:\/\/www.adehon.org\/es\/wp-content\/uploads\/2013\/02\/mail_adehon.png\" alt=\"mail_adehon\" width=\"196\" height=\"26\" \/><\/a><\/dd>\n<\/dl><\/div>\n<p><a href=\"http:\/\/www.adehon.org\/es\/wp-content\/uploads\/2013\/02\/tu_buscador_empleo.jpg\"><img loading=\"lazy\" decoding=\"async\" class=\"wp-image-835 alignleft\" src=\"http:\/\/www.adehon.org\/es\/wp-content\/uploads\/2013\/02\/tu_buscador_empleo.jpg\" alt=\"tu_buscador_empleo\" width=\"157\" height=\"448\" srcset=\"https:\/\/www.adehon.org\/es\/wp-content\/uploads\/2013\/02\/tu_buscador_empleo.jpg 245w, https:\/\/www.adehon.org\/es\/wp-content\/uploads\/2013\/02\/tu_buscador_empleo-105x300.jpg 105w\" sizes=\"auto, (max-width: 157px) 100vw, 157px\" \/><\/a><\/p>\n<div class=\"grid_4 \"><h2>Formulario de contacto:<\/h2>\n[contact-form 1 \u00abContact form 1\u00bb]<\/div>\n<div class=\"clear\"><\/div>\n","protected":false},"excerpt":{"rendered":"","protected":false},"author":1,"featured_media":0,"parent":0,"menu_order":5,"comment_status":"closed","ping_status":"closed","template":"page-fullwidth.php","meta":{"footnotes":""},"class_list":["post-630","page","type-page","status-publish","hentry"],"_links":{"self":[{"href":"https:\/\/www.adehon.org\/es\/wp-json\/wp\/v2\/pages\/630","targetHints":{"allow":["GET"]}}],"collection":[{"href":"https:\/\/www.adehon.org\/es\/wp-json\/wp\/v2\/pages"}],"about":[{"href":"https:\/\/www.adehon.org\/es\/wp-json\/wp\/v2\/types\/page"}],"author":[{"embeddable":true,"href":"https:\/\/www.adehon.org\/es\/wp-json\/wp\/v2\/users\/1"}],"replies":[{"embeddable":true,"href":"https:\/\/www.adehon.org\/es\/wp-json\/wp\/v2\/comments?post=630"}],"version-history":[{"count":30,"href":"https:\/\/www.adehon.org\/es\/wp-json\/wp\/v2\/pages\/630\/revisions"}],"predecessor-version":[{"id":3497,"href":"https:\/\/www.adehon.org\/es\/wp-json\/wp\/v2\/pages\/630\/revisions\/3497"}],"wp:attachment":[{"href":"https:\/\/www.adehon.org\/es\/wp-json\/wp\/v2\/media?parent=630"}],"curies":[{"name":"wp","href":"https:\/\/api.w.org\/{rel}","templated":true}]}}