{"id":654,"date":"2013-02-22T11:00:24","date_gmt":"2013-02-22T11:00:24","guid":{"rendered":"http:\/\/www.adehon.org\/es\/?page_id=654"},"modified":"2023-01-25T21:57:03","modified_gmt":"2023-01-25T21:57:03","slug":"entidad","status":"publish","type":"page","link":"https:\/\/www.adehon.org\/es\/entidad\/","title":{"rendered":"ENTIDAD"},"content":{"rendered":"<p style=\"text-align: justify;\"><div class=\"grid_12 \"><h2 style=\"text-align: justify;\"><span style=\"color: #000000;\"><strong>Nuestra extensa y reconocida experiencia nos AVALA \u00a0<\/strong><\/span><\/h2><\/div>\n<p><strong><div class=\"grid_4 \"><\/strong><\/p>\n<p style=\"text-align: justify;\"><span style=\"color: #000000;\"><strong>Origen y misi\u00f3n<\/strong><\/span><\/p>\n<p style=\"text-align: justify;\"><span style=\"color: #000000;\">ADEHON se constituye en diciembre de 2.001 y nace con la finalidad principal de representar, gestionar y\u00a0 defender los intereses laborales, profesionales y empresariales de sus usuarios, atendiendo sus necesidades de informaci\u00f3n, orientaci\u00f3n, capacitaci\u00f3n, certificaci\u00f3n y asesoramiento profesional.<div class=\"clear\"><\/div><div class=\"clear\"><\/div><\/span><\/p>\n<p style=\"text-align: justify;\"><img loading=\"lazy\" decoding=\"async\" src=\"http:\/\/www.adehon.org\/es\/wp-content\/uploads\/2013\/02\/SEPE.jpg\" alt=\"SEPE\" width=\"173\" height=\"46\" \/><\/p>\n<p style=\"text-align: justify;\"><div class=\"clear\"><\/div><div class=\"clear\"><\/div><div class=\"clear\"><\/div>\n<p style=\"text-align: justify;\" align=\"center\"><span style=\"color: #000000;\">La Entidad est\u00e1 certificada como <\/span><strong style=\"color: #000000;\">Agencia Oficial de Colocaci\u00f3n por el SEPE<\/strong><span style=\"color: #000000;\"> (Servicio P\u00fablico de Empleo Estatal &#8211; Ministerio de Empleo y Seguridad Social con n\u00ba autorizaci\u00f3n 1000000048) adem\u00e1s de estar <\/span><strong><span style=\"color: #000000;\">homologada para la certificaci\u00f3n y acreditaci\u00f3n de numerosas especialidades profesionales y certificada en CALIDAD con la ISO 9001 e\u00a0ISO 27001 de Seguridad de la Informaci\u00f3n por la <\/span>entidad<span style=\"color: #000000;\">\u00a0de <\/span>certificaci\u00f3n<span style=\"color: #000000;\">\u00a0OCACERT.<\/span><\/strong><span style=\"color: #000000;\">\u00a0Es por ello que todas sus\u00a0acciones vayan dirigidas a todo el entramado <\/span>socio econ\u00f3mico<span style=\"color: #000000;\">\u00a0de su entorno: empresas, desempleados, trabajadores en activo, colegios profesionales, etc. adem\u00e1s de hacerlo colaborando estrechamente con entidades publicas y privadas de diferente \u00edndole (empresariales, educativas, administrativas,&#8230;) a fin de unir y coordinar esfuerzos en la consecuci\u00f3n de un objetivo com\u00fan: \u201cEl desarrollo socio-econ\u00f3mico y profesional de todos sus usuarios\u201d.\u00a0<\/span><\/p>\n<p style=\"text-align: justify;\" align=\"center\"><span style=\"color: #000000;\">Adehon tambi\u00e9n es una entidad certificada con el\u00a0SELLO <strong>\u201cFENT EMPRESA. IGUALS EN OPORTUNITATS\u201d<\/strong> de la Conselleria de Bienestar Social de la Generalitat Valenciana.<\/span><\/p>\n<p style=\"text-align: left;\" align=\"center\"><span style=\"color: #000000;\">Somos socio de la Federaci\u00f3n Empresarial de Centros de Formaci\u00f3n de la Comunidad Valenciana <strong>(CECAP VALENCIA), <\/strong>que es la entidad que agrupa a las tres asociaciones provinciales que dan cuerpo a las empresas existentes o futuras, dedicadas a la ense\u00f1anza no reglada, formaci\u00f3n profesional y empresarial.<\/span><\/p>\n<p style=\"text-align: justify;\" align=\"center\"><a href=\"http:\/\/www.adehon.org\/es\/wp-content\/uploads\/2016\/10\/OCA-2012-9001.jpg\"><img loading=\"lazy\" decoding=\"async\" class=\" wp-image-2452 alignnone\" src=\"http:\/\/www.adehon.org\/es\/wp-content\/uploads\/2014\/07\/oca_27001-150x150.jpg\" alt=\"oca_27001\" width=\"125\" height=\"122\" \/><\/a><a href=\"http:\/\/www.adehon.org\/es\/wp-content\/uploads\/2016\/10\/OCA-2012-9001.jpg\"><img loading=\"lazy\" decoding=\"async\" class=\"alignleft wp-image-2629\" src=\"http:\/\/www.adehon.org\/es\/wp-content\/uploads\/2016\/10\/sello_fentempresa.jpg\" alt=\"sello_fentempresa\" width=\"140\" height=\"142\" srcset=\"https:\/\/www.adehon.org\/es\/wp-content\/uploads\/2016\/10\/sello_fentempresa.jpg 800w, https:\/\/www.adehon.org\/es\/wp-content\/uploads\/2016\/10\/sello_fentempresa-295x300.jpg 295w\" sizes=\"auto, (max-width: 140px) 100vw, 140px\" \/><img loading=\"lazy\" decoding=\"async\" class=\" wp-image-2630 alignleft\" src=\"http:\/\/www.adehon.org\/es\/wp-content\/uploads\/2016\/10\/OCA-2012-9001-150x150.jpg\" alt=\"oca-2012-9001\" width=\"125\" height=\"136\" srcset=\"https:\/\/www.adehon.org\/es\/wp-content\/uploads\/2016\/10\/OCA-2012-9001-276x300.jpg 276w, https:\/\/www.adehon.org\/es\/wp-content\/uploads\/2016\/10\/OCA-2012-9001-942x1024.jpg 942w\" sizes=\"auto, (max-width: 125px) 100vw, 125px\" \/><\/a><\/p>\n<p><a href=\"https:\/\/cecapvalencia.com\/\" rel=\"https:\/\/cecapvalencia.com\/\"><img loading=\"lazy\" decoding=\"async\" class=\"alignleft wp-image-2865\" src=\"http:\/\/www.adehon.org\/es\/wp-content\/uploads\/2019\/09\/logo-CECAP-VALENCIA-bueno.jpg\" alt=\"\" width=\"257\" height=\"81\" srcset=\"https:\/\/www.adehon.org\/es\/wp-content\/uploads\/2019\/09\/logo-CECAP-VALENCIA-bueno.jpg 1552w, https:\/\/www.adehon.org\/es\/wp-content\/uploads\/2019\/09\/logo-CECAP-VALENCIA-bueno-300x95.jpg 300w, https:\/\/www.adehon.org\/es\/wp-content\/uploads\/2019\/09\/logo-CECAP-VALENCIA-bueno-768x242.jpg 768w, https:\/\/www.adehon.org\/es\/wp-content\/uploads\/2019\/09\/logo-CECAP-VALENCIA-bueno-1024x323.jpg 1024w\" sizes=\"auto, (max-width: 257px) 100vw, 257px\" \/><\/a><\/p><\/div>\n<p><strong><div class=\"grid_4 \"><\/strong><\/p>\n<p style=\"text-align: justify;\"><img loading=\"lazy\" decoding=\"async\" class=\" alignright\" src=\"http:\/\/www.adehon.org\/es\/wp-content\/uploads\/2013\/02\/help_wanted.jpg\" alt=\"help_wanted\" width=\"247\" height=\"204\" \/><\/p>\n<p style=\"text-align: justify;\"><span style=\"color: #000000;\" data-mce-mark=\"1\"><strong>Tipolog\u00eda de las Actuaciones de ADEHON<\/strong><\/span><\/p>\n<p style=\"text-align: justify;\"><span style=\"color: #000000;\">La ADEHON fiel a su objeto de actividad centra sus actuaciones fundamentalmente en las siguientes \u00e1reas:<\/span><\/p>\n<p style=\"text-align: justify;\"><span style=\"color: #000000;\"><span class=\"dropcap\">1<\/span><!-- .dropcap (end) --><div class=\"extra-wrap indent-bot\">Orientaci\u00f3n Laboral y Profesional<\/div><!-- .extra-wrap (end) --><div class=\"clear\"><\/div><\/span><br \/>\n<span style=\"color: #000000;\"> <span class=\"dropcap\">2<\/span><!-- .dropcap (end) --><div class=\"extra-wrap indent-bot\">Certificaci\u00f3n y Acreditaci\u00f3n Profesional<\/div><!-- .extra-wrap (end) --><div class=\"clear\"><\/div><\/span><br \/>\n<span style=\"color: #000000;\"> <span class=\"dropcap\">3<\/span><!-- .dropcap (end) --><div class=\"extra-wrap indent-bot\">Fomento de la Inserci\u00f3n Laboral<\/div><!-- .extra-wrap (end) --><div class=\"clear\"><\/div><\/span><br \/>\n<span style=\"color: #000000;\"> <span class=\"dropcap\">4<\/span><!-- .dropcap (end) --><div class=\"extra-wrap indent-bot\">Apoyo al desarrollo de proyectos generadores de innovaci\u00f3n entre nuestros usuarios: personas y empresas<\/div><!-- .extra-wrap (end) --><div class=\"clear\"><\/div><\/span><br \/>\n<span style=\"color: #000000;\"> <span class=\"dropcap\">5<\/span><!-- .dropcap (end) --><div class=\"extra-wrap indent-bot\">Impulso de la cooperaci\u00f3n y el emprendurismo entre sus usuarios<\/div><!-- .extra-wrap (end) --><div class=\"clear\"><\/div><\/span><br \/>\n<span style=\"color: #000000;\"> <span class=\"dropcap\">6<\/span><!-- .dropcap (end) --><div class=\"extra-wrap indent-bot\">Fomento de Pr\u00e1cticas Laborales en empresas \u00a0&#8211; <span style=\"text-decoration: underline;\">Nuevo Contrato DUAL<\/span><\/div><!-- .extra-wrap (end) --><div class=\"clear\"><\/div><\/span><br \/>\n<span style=\"color: #000000;\"> <span class=\"dropcap\">7<\/span><!-- .dropcap (end) --><div class=\"extra-wrap indent-bot\">Promoci\u00f3n del uso de las nuevas tecnolog\u00edas<\/div><!-- .extra-wrap (end) --><div class=\"clear\"><\/div><\/span><\/p>\n<p style=\"text-align: justify;\"><span style=\"color: #000000;\"><strong><\/div><\/strong><\/span><\/p>\n<p style=\"text-align: justify;\"><strong><div class=\"grid_4 \"><\/strong><\/p>\n<p style=\"text-align: justify;\"><span style=\"color: #000000;\"><strong>Hechos<\/strong><\/span><\/p>\n<p style=\"text-align: justify;\"><span style=\"color: #000000;\">La mejor forma de demostrar el compromiso de la misi\u00f3n de ADEHON es mostrando hechos, acciones, iniciativas y programas desplegados por la entidad en colaboraci\u00f3n de las diferentes administraciones siempre dirigidas a conseguir los objetivos fundamentales:<\/span><\/p>\n<ul style=\"text-align: justify;\">\n<li><span style=\"color: #000000;\">Insertar a las personas en el mercado laboral aumentando su empleabilidad<\/span><\/li>\n<li><span style=\"color: #000000;\">Mejorando las condiciones socio-econ\u00f3micas de personas y empresas (nuestros usuarios) para favorecer contextos en los que maximizar la creaci\u00f3n de empleo<\/span><\/li>\n<\/ul>\n<p style=\"text-align: center;\"><a title=\"Acceso Agencia Empleo ADEHON\" href=\"http:\/\/empleo.adehon.org\/alumno-colocacion-registro\/\" target=\"_blank\" rel=\"noopener\"><img loading=\"lazy\" decoding=\"async\" class=\"aligncenter size-full wp-image-689\" style=\"margin-top: 10px; margin-bottom: 10px;\" src=\"http:\/\/www.adehon.org\/es\/wp-content\/uploads\/2013\/02\/find_job.jpg\" alt=\"find_job\" width=\"225\" height=\"224\" srcset=\"https:\/\/www.adehon.org\/es\/wp-content\/uploads\/2013\/02\/find_job.jpg 225w, https:\/\/www.adehon.org\/es\/wp-content\/uploads\/2013\/02\/find_job-150x150.jpg 150w\" sizes=\"auto, (max-width: 225px) 100vw, 225px\" \/><\/a><\/p>\n<p style=\"text-align: justify;\"><span style=\"text-decoration: underline; color: #000000;\"><span style=\"text-decoration: underline;\">Algunos de los Programas e Iniciativas de ADEHON:<\/span><\/span><\/p>\n<ol style=\"text-align: justify;\">\n<li>Acciones de Orientaci\u00f3n para el Empleo y el Autoempleo (OPEA).<\/li>\n<li>Programa de Inserci\u00f3n Laboral 2012 &#8211; (PIE &#8211; MOTIVA\u00b4T)<\/li>\n<li>Fomento de la Inserci\u00f3n laboral mediante la contrataci\u00f3n de trabajadores desempleados para la realizaci\u00f3n de obras y servicios de inter\u00e9s general y social (EMORGA)<\/li>\n<li>Fomento de la Certificaci\u00f3n Profesional, Formaci\u00f3n Ocupacional e Inserci\u00f3n laboral<\/li>\n<li>Fomento de la Formaci\u00f3n Continua. Aumento de la Cualificaci\u00f3n profesional.<\/li>\n<li>Programa de Unidades Locales de Aprendizaje para la obtenci\u00f3n del certificado de Internauta (ULA)<\/li>\n<li>Programas de Cualificaci\u00f3n Profesional Inicial &#8211; PCPI<\/li>\n<li>Programa de Orientaci\u00f3n Laboral y B\u00fasqueda de Empleo a Inmigrantes 2013 &#8211; (PAI)<\/li>\n<\/ol>\n<p style=\"text-align: justify;\"><span style=\"color: #000000;\">Durante estos \u00faltimos 13 a\u00f1os y el desarrollo de numerosas acciones y programas dentro de estas \u00e1reas, podemos decir que hemos podido insertar a un n\u00ba significativo de personas que confiaron en ADEHON su crecimiento profesional y personal.<\/span><\/p>\n<h2><a href=\"https:\/\/www.adehon.org\/es\/wp-content\/uploads\/2023\/01\/POLITICA-DE-CALIDAD-MEDIOAMBIENTE-Y-SST-FIRMADO.pdf\">POL\u00cdTICA DE CALIDAD, MEDIOAMBIENTE, SEGURIDAD Y SALUD<\/a><\/h2>\n<p><strong><\/div><\/strong><\/p>\n<p style=\"text-align: justify;\"><strong>\u00a0<\/strong><\/p>\n","protected":false},"excerpt":{"rendered":"<p>\u00a0<\/p>\n","protected":false},"author":1,"featured_media":0,"parent":0,"menu_order":1,"comment_status":"closed","ping_status":"closed","template":"page-fullwidth.php","meta":{"footnotes":""},"class_list":["post-654","page","type-page","status-publish","hentry"],"_links":{"self":[{"href":"https:\/\/www.adehon.org\/es\/wp-json\/wp\/v2\/pages\/654","targetHints":{"allow":["GET"]}}],"collection":[{"href":"https:\/\/www.adehon.org\/es\/wp-json\/wp\/v2\/pages"}],"about":[{"href":"https:\/\/www.adehon.org\/es\/wp-json\/wp\/v2\/types\/page"}],"author":[{"embeddable":true,"href":"https:\/\/www.adehon.org\/es\/wp-json\/wp\/v2\/users\/1"}],"replies":[{"embeddable":true,"href":"https:\/\/www.adehon.org\/es\/wp-json\/wp\/v2\/comments?post=654"}],"version-history":[{"count":108,"href":"https:\/\/www.adehon.org\/es\/wp-json\/wp\/v2\/pages\/654\/revisions"}],"predecessor-version":[{"id":4129,"href":"https:\/\/www.adehon.org\/es\/wp-json\/wp\/v2\/pages\/654\/revisions\/4129"}],"wp:attachment":[{"href":"https:\/\/www.adehon.org\/es\/wp-json\/wp\/v2\/media?parent=654"}],"curies":[{"name":"wp","href":"https:\/\/api.w.org\/{rel}","templated":true}]}}