{"id":814,"date":"2013-03-05T14:51:54","date_gmt":"2013-03-05T14:51:54","guid":{"rendered":"http:\/\/www.adehon.org\/es\/?page_id=814"},"modified":"2018-11-13T14:38:55","modified_gmt":"2018-11-13T14:38:55","slug":"otros-proyectos-adehon","status":"publish","type":"page","link":"https:\/\/www.adehon.org\/es\/entidad\/otros-proyectos-adehon\/","title":{"rendered":"Otros proyectos ADEHON"},"content":{"rendered":"<p>&nbsp;<\/p>\n<table>\n<tbody>\n<tr valign=\"top\">\n<td>\n<table>\n<tbody>\n<tr>\n<td colspan=\"2\" valign=\"top\">\n<h3><div class=\"top-content\"><div class=\"inner\">ADEHON desarrolla y ejecuta con \u00e9xito su proyecto\u00a0\u201cCOOPERACION TECNOLOGICA, ORGANIZACIONAL Y COMERCIAL: VALENCIA \u2013 POLONIA\/UCRANIA 2012\u201d<span style=\"color: #ffffff;\"><strong>.<\/strong><\/span><\/div><\/div><!-- .top-content (end) --><\/h3>\n<p><img loading=\"lazy\" decoding=\"async\" class=\"alignright\" style=\"margin: 15px 12px; border: 0px;\" title=\"Uefa Euro 2012\" src=\"http:\/\/www.adehon.org\/images\/stories\/uefa2012polandukrainelogo.gif\" alt=\"Logo poland ukraine uefa euro 2012\" width=\"163\" height=\"127\" align=\"right\" border=\"0\" hspace=\"12\" vspace=\"15\" \/><\/p>\n<p align=\"justify\">Este proyecto, apoyado por IMPIVA a trav\u00e9s de su Programa INNOEMPRESA 2009, fue ejecutado y finalizado en Junio de 2010, ha supuesto el acercamiento de 7 empresas valencianas a dos mercados, el polaco y el ucraniano, caracterizados por el fuerte impulso socio \u2013 econ\u00f3mico que est\u00e1 provocando la organizaci\u00f3n de la EUROCUP de f\u00fatbol que se celebr\u00f3 posteriormente en estos dos pa\u00edses en el verano de 2012.<\/p>\n<p align=\"justify\">Empresas pertenecientes a los sectores de la gesti\u00f3n de redes de distribuci\u00f3n, formaci\u00f3n, software, organizaci\u00f3n de eventos, \u00a0h\u00e1bitat,\u00a0gesti\u00f3n de residuos y medioambiente,\u00a0consigui\u00f3 conjuntamente participar en un proyecto que supuso el estudio de las posibilidades reales de entrada y establecimiento comercial en\u00a0<strong>POLONIA y UCRANIA<\/strong>,\u00a0<strong>intercambio de experiencias y know how\u00a0<\/strong>y establecimiento de unos canales permanentes de comunicaci\u00f3n entre entidades de los 3 pa\u00edses.<\/p>\n<table border=\"0\" width=\"600\" cellspacing=\"5\" cellpadding=\"5\" align=\"center\">\n<tbody>\n<tr>\n<td align=\"center\">\u00a0<img decoding=\"async\" src=\"http:\/\/www.adehon.org\/images\/stories\/lopez%20xharkov.jpg\" alt=\"\" width=\"250\" border=\"0\" \/><\/td>\n<td>\u00a0<img loading=\"lazy\" decoding=\"async\" src=\"http:\/\/www.adehon.org\/images\/stories\/plaza%20castillo%20wawa.jpg\" alt=\"\" width=\"140\" height=\"187\" border=\"0\" \/><\/td>\n<td>\u00a0<img decoding=\"async\" src=\"http:\/\/www.adehon.org\/images\/stories\/vitaliy%20%20daviy%20-%20salvador%20perez.jpg\" alt=\"\" width=\"250\" border=\"0\" \/><\/td>\n<\/tr>\n<\/tbody>\n<\/table>\n<p align=\"justify\">Este proyecto permiti\u00f3 tambi\u00e9n a\u00a0<strong>ADEHON<\/strong>\u00a0compartir los resultados generados en el mismo con el fin de poder multiplicar a trav\u00e9s de una fuerte difusi\u00f3n, los resultados positivos del mismo. Es por ello, que queda a disposici\u00f3n de quien lo requiera, copia del LIBRO BLANCO DE CONCLUSIONES Y RECOMENDACIONES sobre c\u00f3mo abordar los mercados de los sectores indicados en POLONIA y UCRANIA.<\/p>\n<div><img decoding=\"async\" src=\"http:\/\/www.adehon.org\/images\/stories\/adehon_ukrania_pol_logos.png\" alt=\"\" border=\"0\" \/><\/div>\n<\/td>\n<\/tr>\n<\/tbody>\n<\/table>\n<\/td>\n<\/tr>\n<\/tbody>\n<\/table>\n<p>&nbsp;<\/p>\n","protected":false},"excerpt":{"rendered":"<p>&nbsp; Este proyecto, apoyado por IMPIVA a trav\u00e9s de su Programa INNOEMPRESA 2009, fue ejecutado y finalizado en Junio de 2010, ha supuesto el acercamiento de 7 empresas valencianas a dos mercados, el polaco y el ucraniano, caracterizados por el fuerte impulso socio \u2013 econ\u00f3mico que est\u00e1 provocando la organizaci\u00f3n de la EUROCUP de f\u00fatbol que se celebr\u00f3 posteriormente en estos dos pa\u00edses en el verano de 2012. Empresas pertenecientes a los sectores de la gesti\u00f3n de redes de distribuci\u00f3n, formaci\u00f3n, software, organizaci\u00f3n de eventos, \u00a0h\u00e1bitat,\u00a0gesti\u00f3n de residuos y medioambiente,\u00a0consigui\u00f3 conjuntamente participar en un proyecto que supuso el estudio de las posibilidades reales de entrada y establecimiento comercial en\u00a0POLONIA y UCRANIA,\u00a0intercambio de experiencias y know how\u00a0y establecimiento de unos canales permanentes de comunicaci\u00f3n entre entidades de los 3 pa\u00edses. \u00a0 \u00a0 \u00a0 Este proyecto permiti\u00f3 tambi\u00e9n a\u00a0ADEHON\u00a0compartir los resultados generados en el mismo con el fin de poder multiplicar a trav\u00e9s de una fuerte difusi\u00f3n, los resultados positivos del mismo.&nbsp;<a href=\"https:\/\/www.adehon.org\/es\/entidad\/otros-proyectos-adehon\/\" class=\"read-more\">Continuar Leyendo<\/a><\/p>\n","protected":false},"author":1,"featured_media":0,"parent":654,"menu_order":12,"comment_status":"closed","ping_status":"closed","template":"page-fullwidth.php","meta":{"footnotes":""},"class_list":["post-814","page","type-page","status-publish","hentry"],"_links":{"self":[{"href":"https:\/\/www.adehon.org\/es\/wp-json\/wp\/v2\/pages\/814","targetHints":{"allow":["GET"]}}],"collection":[{"href":"https:\/\/www.adehon.org\/es\/wp-json\/wp\/v2\/pages"}],"about":[{"href":"https:\/\/www.adehon.org\/es\/wp-json\/wp\/v2\/types\/page"}],"author":[{"embeddable":true,"href":"https:\/\/www.adehon.org\/es\/wp-json\/wp\/v2\/users\/1"}],"replies":[{"embeddable":true,"href":"https:\/\/www.adehon.org\/es\/wp-json\/wp\/v2\/comments?post=814"}],"version-history":[{"count":14,"href":"https:\/\/www.adehon.org\/es\/wp-json\/wp\/v2\/pages\/814\/revisions"}],"predecessor-version":[{"id":2761,"href":"https:\/\/www.adehon.org\/es\/wp-json\/wp\/v2\/pages\/814\/revisions\/2761"}],"up":[{"embeddable":true,"href":"https:\/\/www.adehon.org\/es\/wp-json\/wp\/v2\/pages\/654"}],"wp:attachment":[{"href":"https:\/\/www.adehon.org\/es\/wp-json\/wp\/v2\/media?parent=814"}],"curies":[{"name":"wp","href":"https:\/\/api.w.org\/{rel}","templated":true}]}}