{"id":9,"date":"2011-07-14T19:46:13","date_gmt":"2011-07-14T19:46:13","guid":{"rendered":"http:\/\/www.adehon.org\/es\/?page_id=9"},"modified":"2025-09-19T13:01:35","modified_gmt":"2025-09-19T13:01:35","slug":"programas","status":"publish","type":"page","link":"https:\/\/www.adehon.org\/es\/programas\/","title":{"rendered":"Programas"},"content":{"rendered":"<h2>Listado de cursos &#8211; ACTUALIZADO<\/h2>\n\n\n<div class=\"wp-block-buttons is-vertical is-content-justification-left is-layout-flex wp-container-core-buttons-is-layout-1 wp-block-buttons-is-layout-flex\">\n<div class=\"wp-block-button\"><a class=\"wp-block-button__link wp-element-button\" href=\"https:\/\/www.adehon.org\/es\/cursos-gratuitos-continua-ocupados-certificables-labora-2024-2025\/\">CURSOS GRATUITOS OCUPADOS CERTIFICABLES LABORA 2025\/2026<\/a><\/div>\n\n\n\n<div class=\"wp-block-button\"><a class=\"wp-block-button__link wp-element-button\" href=\"https:\/\/www.adehon.org\/es\/continua-ocupados-no-certificables-labora-2024-2025\/\" target=\"_blank\" rel=\"noreferrer noopener\">CURSOS GRATUITOS OCUPADOS NO CERTIFICABLES LABORA 2025\/2026<\/a><\/div>\n\n\n\n<div class=\"wp-block-button\"><a class=\"wp-block-button__link wp-element-button\" href=\"https:\/\/www.adehon.org\/es\/cursos-gratuitos-competencias-digitales-para-mujeres-labora-2024\/\" target=\"_blank\" rel=\"noreferrer noopener\">CURSOS GRATUITOS COMPETENCIAS DIGITALES PARA MUJERES LABORA 2024<\/a><\/div>\n\n\n\n<div class=\"wp-block-button\"><a class=\"wp-block-button__link wp-element-button\" href=\"https:\/\/www.adehon.org\/es\/programa-de-formacion-no-formal-de-cualificacion-y-recualificacion-labora-2024-2\/\" target=\"_blank\" rel=\"noreferrer noopener\">CURSOS GRATUITOS ONLINE CUALIFICACI\u00d3N Y RECUALIFICACI\u00d3N 2024<\/a><\/div>\n\n\n\n<div class=\"wp-block-button\"><a class=\"wp-block-button__link has-text-align-left wp-element-button\" href=\"https:\/\/www.adehon.org\/es\/programa-de-formacion-no-formal-de-cualificacion-y-recualificacion-labora-2024\/\" target=\"_blank\" rel=\"noreferrer noopener\">CURSOS GRATUITOS PRESENCIALES CUALIFICACI\u00d3N Y RECUALIFICACI\u00d3N &#8211; MINISTERIO DE EDUCACI\u00d3N 2024<\/a><\/div>\n\n\n\n<div class=\"wp-block-button\"><a class=\"wp-block-button__link wp-element-button\" href=\"https:\/\/www.adehon.org\/es\/certificados-de-profesionalidad-labora-2022-2023\/\" target=\"_blank\" rel=\"noreferrer noopener\">CURSOS GRATUITOS CERTIFICADOS DE PROFESIONALIDAD LABORA 2022\/2023<\/a><\/div>\n\n\n\n<div class=\"wp-block-button\"><a class=\"wp-block-button__link wp-element-button\" href=\"https:\/\/www.adehon.org\/es\/cursos-formacion\/\" target=\"_blank\" rel=\"noreferrer noopener\">CURSOS PRIVADOS<\/a><\/div>\n\n\n\n<div class=\"wp-block-button\"><a class=\"wp-block-button__link wp-element-button\" href=\"https:\/\/www.adehon.org\/es\/programa-sostenibilidad\/\" target=\"_blank\" rel=\"noreferrer noopener\">PROGRAMA SOSTENIBILIDAD<\/a><\/div>\n<\/div>\n\n\n<div class=\"ml-form-embed\" style=\"text-align: left;\" data-account=\"1702970:x2t9f5m1f1\" data-form=\"1865510:v6s2e8\">\u00a0<\/div>\n\n\n<p><\/p>\n","protected":false},"excerpt":{"rendered":"<p>Listado de cursos &#8211; ACTUALIZADO \u00a0<\/p>\n","protected":false},"author":1,"featured_media":0,"parent":0,"menu_order":1,"comment_status":"open","ping_status":"closed","template":"page-fullwidth.php","meta":{"footnotes":""},"class_list":["post-9","page","type-page","status-publish","hentry"],"_links":{"self":[{"href":"https:\/\/www.adehon.org\/es\/wp-json\/wp\/v2\/pages\/9","targetHints":{"allow":["GET"]}}],"collection":[{"href":"https:\/\/www.adehon.org\/es\/wp-json\/wp\/v2\/pages"}],"about":[{"href":"https:\/\/www.adehon.org\/es\/wp-json\/wp\/v2\/types\/page"}],"author":[{"embeddable":true,"href":"https:\/\/www.adehon.org\/es\/wp-json\/wp\/v2\/users\/1"}],"replies":[{"embeddable":true,"href":"https:\/\/www.adehon.org\/es\/wp-json\/wp\/v2\/comments?post=9"}],"version-history":[{"count":49,"href":"https:\/\/www.adehon.org\/es\/wp-json\/wp\/v2\/pages\/9\/revisions"}],"predecessor-version":[{"id":4953,"href":"https:\/\/www.adehon.org\/es\/wp-json\/wp\/v2\/pages\/9\/revisions\/4953"}],"wp:attachment":[{"href":"https:\/\/www.adehon.org\/es\/wp-json\/wp\/v2\/media?parent=9"}],"curies":[{"name":"wp","href":"https:\/\/api.w.org\/{rel}","templated":true}]}}